{"id":2554,"date":"2025-10-02T16:24:39","date_gmt":"2025-10-02T14:24:39","guid":{"rendered":"https:\/\/www.ehrentag.de\/impressum\/"},"modified":"2026-02-18T11:32:23","modified_gmt":"2026-02-18T10:32:23","slug":"impressum","status":"publish","type":"page","link":"https:\/\/www.ehrentag.de\/en\/impressum\/","title":{"rendered":"Legal notice"},"content":{"rendered":"\n<h3 class=\"wp-block-heading\">Herausgeber<\/h3>\n\n\n\n<p>Deutsche Stiftung f\u00fcr Engagement und Ehrenamt<\/p>\n\n\n\n<h3 class=\"wp-block-heading\">Vertretungsberechtigter Vorstand<\/h3>\n\n\n\n<p>Jan Holze<\/p>\n\n\n\n<p>Woldegker Chaussee 35<br>17235 Neustrelitz<\/p>\n\n\n\n<p>E-Mail: hallo (at) d-s-e-e.de<\/p>\n\n\n\n<h3 class=\"wp-block-heading\">Rechtsform<\/h3>\n\n\n\n<p>Die Deutsche Stiftung f\u00fcr Engagement und Ehrenamt ist eine Stiftung des \u00f6ffentlichen Rechts.<\/p>\n\n\n\n<p>Die Deutsche Stiftung f\u00fcr Engagement und Ehrenamt wird gem\u00e4\u00df \u00a7 6 des Gesetzes zur Errichtung der Deutschen Stiftung f\u00fcr Engagement und Ehrenamt vom 25.03.2020, inkraftgetreten am 02.04.2020, durch den Stiftungsrat beaufsichtigt. Die Rechtsaufsicht \u00fcber die Stiftung \u00fcbt das Bundesministerium f\u00fcr Bildung, Familie, Senioren, Frauen und Jugend gem\u00e4\u00df \u00a7 11 des Gesetzes zur Errichtung der Deutschen Stiftung f\u00fcr Engagement und Ehrenamt vom 25.03. 2020 aus.<\/p>\n\n\n\n<p>Verantwortlich f\u00fcr journalistisch-redaktionell gestaltete Angebote dieser Website gem\u00e4\u00df \u00a7 18 Abs. 2 MStV: Jan Holze und Katarina Perani\u0107<\/p>\n\n\n\n<p>Deutsche Stiftung f\u00fcr Engagement und Ehrenamt<\/p>\n\n\n\n<p>Woldegker Chaussee 35<br>17235 Neustrelitz<\/p>\n\n\n\n<h3 class=\"wp-block-heading\">Haftungsausschluss<\/h3>\n\n\n\n<p>Die Deutsche Stiftung f\u00fcr Engagement und Ehrenamt \u00fcbernimmt keine Gew\u00e4hr f\u00fcr Vollst\u00e4ndigkeit und Richtigkeit verlinkter Websites. Auch wenn die Inhalte mit gr\u00f6\u00dftm\u00f6glicher Sorgfalt und nach bestem Gewissen erstellt wurden, wird eine Haftung hierf\u00fcr ausgeschlossen. Sollte der Deutschen Stiftung f\u00fcr Engagement und Ehrenamt zur Kenntnis gelangen, dass Inhalte fremde Rechte verletzten, werden Verlinkungen unverz\u00fcglich entfernt.<\/p>\n\n\n\n<div style=\"height:50px\" aria-hidden=\"true\" class=\"wp-block-spacer\"><\/div>\n\n\n\n<h4 class=\"wp-block-heading\">Corporate Design:<\/h4>\n\n\n\n<p>Philipp und Keuntje GmbH<br>Waterloohain 9<br>22769 Hamburg<br><a href=\"https:\/\/puk.agency\/\" target=\"_blank\" rel=\"noopener\">puk.agency<\/a><\/p>\n\n\n\n<h4 class=\"wp-block-heading\">Gestaltung und Realisierung der Website:<\/h4>\n\n\n\n<p>Fork Unstable Media GmbH<br>Juliusstr. 25<br>22769 Hamburg<br><a href=\"https:\/\/www.fork.de\/\" target=\"_blank\" rel=\"noopener\">fork.de<\/a><\/p>\n\n\n\n<h4 class=\"wp-block-heading\">Technische Umsetzung der Website:<\/h4>\n\n\n\n<div class=\"physalis_notice\"><a href=\"https:\/\/www.physalis-design.de\" title=\"Webdesign aus Berlin\" target=\"_blank\" rel=\"noopener\"><svg style=\"max-width: 220px;\" xmlns=\"http:\/\/www.w3.org\/2000\/svg\" version=\"1.1\" x=\"0\" y=\"0\" viewBox=\"0 0 1105.7 321.5\" enable-background=\"new 0 0 1105.699 321.481\" xml:space=\"preserve\"><path fill=\"#B43126\" d=\"M502.8 262.1l16.2 31.3h-4.6l-14.3-28.6 -5.9 6.3v22.3h-4.1v-46.6h4.1v19.4l17.6-19.4h5.2L502.8 262.1zM534 262.7c7.4 0 11 5 11 15.1 0 10.8-3.7 16.2-11 16.2 -7.5 0-11.2-5.4-11.2-16.2C522.7 267.8 526.5 262.7 534 262.7zM534 266.3c-5.1 0-7.6 3.9-7.6 11.6 0 8.4 2.5 12.6 7.6 12.6 4.9 0 7.4-4.2 7.4-12.6C541.4 270.1 538.9 266.3 534 266.3zM587 293.3h-3.7v-22.9c0-2.8-1.2-4.2-3.5-4.2 -2.2 0-4.8 0.8-7.8 2.5v24.5h-3.7v-22.9c0-2.8-1.2-4.2-3.6-4.2 -2.2 0-4.8 0.8-7.8 2.5v24.5H553v-29.9h2.7l0.5 2.7c3.2-2.2 6.3-3.3 9.3-3.3 2.8 0 4.6 1.1 5.5 3.3 3.5-2.2 6.7-3.3 9.6-3.3 4.2 0 6.3 2.6 6.3 7.7V293.3zM629.7 293.3h-3.7v-22.9c0-2.8-1.2-4.2-3.5-4.2 -2.2 0-4.8 0.8-7.8 2.5v24.5h-3.7v-22.9c0-2.8-1.2-4.2-3.6-4.2 -2.2 0-4.8 0.8-7.8 2.5v24.5h-3.7v-29.9h2.7l0.5 2.7c3.2-2.2 6.3-3.3 9.3-3.3 2.7 0 4.6 1.1 5.5 3.3 3.5-2.2 6.7-3.3 9.6-3.3 4.2 0 6.3 2.6 6.3 7.7V293.3zM658.6 293.3h-2.8l-0.5-2.7c-3.4 2.2-6.7 3.3-10 3.3 -4.6 0-6.8-3-6.8-9v-21.6h3.7v21.6c0 3.7 1.4 5.5 4.3 5.5 2.6 0 5.4-0.8 8.4-2.5v-24.5h3.8V293.3zM688.8 293.3h-3.7v-21.6c0-3.7-1.5-5.5-4.6-5.5 -2.5 0-5.5 0.8-9 2.5v24.5h-3.7v-29.9h2.7l0.5 2.7c3.7-2.2 7.2-3.3 10.6-3.3 4.8 0 7.2 3 7.2 9V293.3zM701.2 293.3h-3.7v-29.9h3.7V293.3zM702.7 250.3c0 1.9-1.5 3.5-3.5 3.5 -1.9 0-3.5-1.6-3.5-3.5s1.6-3.5 3.5-3.5C701.2 246.8 702.7 248.4 702.7 250.3zM713.9 278l11-14.6h4.6l-7.8 10.1 9.2 19.8h-4.1l-7.6-17.1 -5.3 6.7v10.4h-3.7V244.8h3.7V278zM755.8 288.6c0 1.4 0.5 2.1 1.6 2.1h0.9v2.7h-1.5c-1.6 0-2.7-0.8-3.3-2.5 -1.9 2.1-4.5 3.1-7.9 3.1 -6.7 0-10.1-3.2-10.1-9.6 0-5.9 3.3-8.8 10-8.8h6.5v-5.1c0-2.9-2-4.4-6-4.4 -3.7 0-5.8 1.8-6.3 5.3l-3.3-0.6c0.8-5.4 4-8.1 9.6-8.1 6.4 0 9.6 2.5 9.6 7.6V288.6zM745.8 278.4c-4.4 0-6.7 1.9-6.7 5.9 0 4.3 2.4 6.5 7 6.5 2.5 0 4.4-0.9 5.9-2.6v-9.7H745.8zM768.3 263.4h5.8v2.9h-5.8v19.2c0 3.2 1.5 4.9 4.7 4.9h1.7v3.1h-2.7c-4.9 0-7.4-2.3-7.4-7v-20h-1.9v-2.9h1.9v-4.9l1.5-5.1h2.3V263.4zM784.8 293.3h-3.7v-29.9h3.7V293.3zM786.4 250.2c0 1.9-1.5 3.5-3.5 3.5 -1.9 0-3.5-1.6-3.5-3.5s1.6-3.5 3.5-3.5C784.9 246.7 786.4 248.3 786.4 250.2zM804.1 262.7c7.4 0 11 5 11 15.1 0 10.8-3.7 16.2-11 16.2 -7.5 0-11.2-5.4-11.2-16.2C792.8 267.8 796.6 262.7 804.1 262.7zM804.1 266.3c-5.1 0-7.6 3.9-7.6 11.6 0 8.4 2.5 12.6 7.6 12.6 4.9 0 7.4-4.2 7.4-12.6C811.4 270.1 809 266.3 804.1 266.3zM844.1 293.3h-3.7v-21.6c0-3.7-1.5-5.5-4.6-5.5 -2.5 0-5.5 0.8-9 2.5v24.5h-3.7v-29.9h2.7l0.5 2.7c3.7-2.2 7.2-3.3 10.6-3.3 4.8 0 7.2 3 7.2 9V293.3zM899.5 283.2l6.1 10.2h-4.3l-4.5-7.6c-1.4 1.3-2.7 2.5-4 3.5 -1.2 1-2.5 1.9-3.7 2.6 -1.2 0.7-2.4 1.2-3.7 1.6 -1.2 0.4-2.6 0.5-4 0.5 -2.8 0-5.1-0.8-6.8-2.4 -1.8-1.6-2.6-4-2.6-7.2 0-1.9 0.3-3.7 1-5.4 0.6-1.6 1.5-3.2 2.7-4.6 1.1-1.5 2.5-2.9 4.1-4.3 1.6-1.4 3.3-2.8 5.1-4.3 -1-1.6-1.9-3.1-2.6-4.6 -0.7-1.5-1.1-3.2-1.1-5.1 0-3.2 0.9-5.7 2.7-7.5 1.8-1.7 4.2-2.6 7.3-2.6 5.1 0 7.7 2.5 7.7 7.4 0 1.6-0.2 2.9-0.7 4 -0.5 1.1-1.2 2.2-2 3.2 -0.8 1-1.8 1.9-2.9 2.9 -1.1 0.9-2.2 2-3.5 3.1l7.9 13.3 5-4.9h5.3L899.5 283.2zM886.7 268.9c-2 1.6-3.6 3.1-5 4.4 -1.4 1.3-2.5 2.6-3.3 3.7 -0.9 1.2-1.5 2.3-1.9 3.4 -0.4 1.1-0.6 2.3-0.6 3.5 0 2.3 0.5 3.9 1.5 4.9 1 1 2.5 1.5 4.7 1.5 2 0 4-0.7 6-2 2-1.3 4.3-3.2 6.7-5.6L886.7 268.9zM884.7 255.7c0 1.5 0.3 2.8 1 4s1.4 2.5 2.1 3.8c1.5-1.2 2.7-2.3 3.7-3.2 1-0.9 1.7-1.7 2.3-2.5 0.6-0.8 0.9-1.5 1.1-2.1 0.2-0.7 0.3-1.4 0.3-2.2 0-1.3-0.3-2.3-1-3s-1.8-1-3.5-1c-1.9 0-3.4 0.6-4.5 1.7C885.2 252.4 884.7 253.9 884.7 255.7zM960 278.2c0 10.1-5.1 15.2-15.3 15.2h-12.5v-46.6h12.5c10.2 0 15.3 5.1 15.3 15.2V278.2zM936.3 250.6v39h8.5c7.5 0 11.2-3.9 11.2-11.8v-15.2c0-7.9-3.8-11.9-11.2-11.9H936.3zM989.4 278.7h-17.8c0.1 7.9 2.5 11.9 7.4 11.9 4.1 0 6.4-2.2 6.9-6.6l3.1 1.1c-0.9 5.9-4.3 8.9-10 8.9 -7.3 0-11-5.4-11-16.3 0-10 3.6-15 10.8-15 7.1 0 10.6 5 10.6 15V278.7zM985.8 275.8c-0.1-6.5-2.5-9.7-7-9.7 -4.7 0-7.1 3.2-7.2 9.7H985.8zM1012.4 271.6c-0.1-2-0.7-3.4-1.7-4.3 -1-0.9-2.5-1.3-4.5-1.3 -4.1 0-6.1 1.5-6.1 4.7 0 1.3 0.4 2.3 1.2 3 0.8 0.7 1.8 1.2 3 1.6 1.2 0.4 2.5 0.7 3.9 1 1.4 0.3 2.7 0.8 3.9 1.4 1.2 0.6 2.2 1.5 3 2.7 0.8 1.2 1.2 2.8 1.2 5 0 5.8-3.3 8.6-10 8.6 -3.3 0-5.8-0.7-7.5-2.2 -1.7-1.5-2.6-3.6-2.7-6.2l3.3-0.9c0.3 4.1 2.6 6.2 6.9 6.2 2.3 0 3.9-0.4 5-1.3 1.1-0.9 1.6-2.2 1.6-4.1 0-1.5-0.4-2.7-1.2-3.6 -0.8-0.8-1.8-1.5-3-1.9 -1.2-0.5-2.5-0.9-3.9-1.2 -1.4-0.3-2.7-0.8-3.9-1.3 -1.2-0.6-2.2-1.4-3-2.4 -0.8-1-1.2-2.5-1.2-4.4 0-5.2 3.2-7.8 9.6-7.8 5.9 0 9 2.7 9.4 8.1L1012.4 271.6zM1027.7 293.3h-3.7v-29.9h3.7V293.3zM1029.3 250.3c0 1.9-1.5 3.5-3.5 3.5 -1.9 0-3.5-1.6-3.5-3.5s1.6-3.5 3.5-3.5C1027.7 246.8 1029.3 248.4 1029.3 250.3zM1057.1 298.1c0 7.9-3.4 11.9-10.2 11.9 -5.2 0-8.5-2.3-10-7l3.1-1.6c1 3.4 3.3 5.1 7 5.1 4.3 0 6.5-2.8 6.5-8.4v-6.8c-2 1-4.3 1.5-7 1.5 -7.1 0-10.7-4.9-10.7-14.6 0-10.2 4.1-15.4 12.2-15.4 3.6 0 6.7 0.6 9.2 1.9V298.1zM1053.4 267.3c-1.4-0.7-3.3-1.1-5.7-1.1 -5.5 0-8.3 4-8.3 11.9 0 7.4 2.5 11.1 7.5 11.1 2.5 0 4.6-0.4 6.4-1.3V267.3zM1087.1 293.3h-3.7v-21.6c0-3.7-1.5-5.5-4.6-5.5 -2.5 0-5.5 0.8-9 2.5v24.5h-3.7v-29.9h2.7l0.5 2.7c3.7-2.2 7.2-3.3 10.6-3.3 4.8 0 7.2 3 7.2 9V293.3z\"\/><path fill=\"#B43126\" d=\"M386.3 91.1c6.4-8.3 15.3-12.4 26.6-12.4 27 0 40.5 19.1 40.5 57.3 0 39.5-14.1 59.3-42.4 59.3 -3.8 0-7.5-0.4-11.2-1.2 -3.6-0.8-7.3-2-10.9-3.5v103.2h-13.9V81.2h9.4L386.3 91.1zM388.8 178c6.9 3 13.8 4.5 20.6 4.5 19.9 0 29.8-15.5 29.8-46.4 0-29.5-9.5-44.2-28.5-44.2 -9.9 0-17.2 3.3-21.8 9.9V178zM493.3 90.1c12.6-7.6 25.2-11.4 37.7-11.4 17.9 0 26.8 11.3 26.8 33.8v80.4H543.9v-80.4c0-13.7-5.7-20.6-17.1-20.6 -9.4 0-20.6 3.1-33.5 9.4v91.6h-13.9V11.7h13.9V90.1zM623.6 212.8c-5.8 17.8-6.7 18.9-24.3 18.9h-15.4v-13.1h13.4c9.2 0.1 11.2-0.5 14.9-10.9l3.3-13.3L575.3 81.8h15.6l31.7 92.8 28.8-92.8 13.9 0L623.6 212.8zM741 111.7c-0.5-7.4-2.6-12.8-6.5-16 -3.8-3.2-9.4-4.8-16.9-4.8 -15.2 0-22.8 5.8-22.8 17.4 0 5 1.5 8.7 4.5 11.2 3 2.5 6.7 4.4 11 5.8 4.4 1.4 9.2 2.7 14.4 3.7 5.2 1.1 10 2.8 14.4 5.2 4.4 2.4 8.1 5.8 11 10.2 3 4.4 4.5 10.5 4.5 18.5 0 21.5-12.5 32.3-37.5 32.3 -12.4 0-21.8-2.8-28-8.3 -6.3-5.5-9.6-13.3-9.9-23.2l12.2-3.2c1 15.4 9.6 23.1 25.8 23.1 8.4 0 14.6-1.6 18.6-4.8 4-3.2 6-8.3 6-15.3 0-5.8-1.5-10.2-4.5-13.3 -3-3.1-6.7-5.5-11.2-7.2 -4.5-1.7-9.3-3.2-14.4-4.3 -5.1-1.2-9.9-2.8-14.4-5 -4.5-2.1-8.2-5.1-11.2-8.9 -3-3.8-4.5-9.3-4.5-16.4 0-19.5 11.9-29.3 35.7-29.3 21.8 0 33.5 10.1 35 30.3L741 111.7zM852.4 175.3c0 5.1 2 7.7 6 7.7h3.5v9.9H856.4c-5.8 0-9.9-3.1-12.4-9.2 -7 7.8-16.8 11.7-29.5 11.7 -25.2 0-37.7-11.9-37.7-35.7 0-21.8 12.5-32.8 37.5-32.8h24.3v-19.1c0-10.9-7.5-16.4-22.6-16.4 -13.9 0-21.7 6.5-23.3 19.6l-12.2-2.2c3-20 15-30 36-30 24 0 36 9.4 36 28.3V175.3zM815.2 137.3c-16.6 0-24.8 7.3-24.8 21.8 0 16.1 8.8 24.1 26.3 24.1 9.3 0 16.5-3.2 21.8-9.7v-36.2H815.2zM895.6 192.9h-13.9V11.7h13.9V192.9zM939.3 192.9h-13.9V81.2h13.9V192.9zM1025.7 111.7c-0.5-7.4-2.6-12.8-6.4-16 -3.8-3.2-9.4-4.8-16.9-4.8 -15.2 0-22.8 5.8-22.8 17.4 0 5 1.5 8.7 4.5 11.2 3 2.5 6.7 4.4 11 5.8 4.4 1.4 9.2 2.7 14.4 3.7 5.2 1.1 10 2.8 14.4 5.2 4.4 2.4 8.1 5.8 11 10.2 3 4.4 4.5 10.5 4.5 18.5 0 21.5-12.5 32.3-37.5 32.3 -12.4 0-21.8-2.8-28-8.3 -6.3-5.5-9.6-13.3-9.9-23.2l12.2-3.2c1 15.4 9.6 23.1 25.8 23.1 8.4 0 14.6-1.6 18.6-4.8 4-3.2 6-8.3 6-15.3 0-5.8-1.5-10.2-4.5-13.3 -3-3.1-6.7-5.5-11.2-7.2 -4.5-1.7-9.3-3.2-14.4-4.3 -5.1-1.2-9.9-2.8-14.4-5 -4.5-2.1-8.2-5.1-11.2-8.9s-4.5-9.3-4.5-16.4c0-19.5 11.9-29.3 35.7-29.3 21.8 0 33.5 10.1 35 30.3L1025.7 111.7zM944.6 32.1c0 7.2-5.8 13-13 13 -7.2 0-13-5.8-13-13 0-7.2 5.8-13 13-13C938.8 19.1 944.6 24.9 944.6 32.1zM1087.1 179.9c0 7.2-5.8 13-13 13 -7.2 0-13-5.8-13-13 0-7.2 5.8-13 13-13C1081.3 167 1087.1 172.8 1087.1 179.9z\"\/><path fill=\"#B43126\" stroke=\"#0D0E0E\" stroke-width=\"0.6\" stroke-miterlimit=\"10\" d=\"M193.4 56.9\"\/><path fill=\"#B43126\" d=\"M242.7 79.7c-0.6 0-1.4-2.3-1.5-2.5 -0.5-1.1-3.3-2.8-5.2-2.8 -3.5 0-6.1 0.8-8.1 1.7 5.6 2.7 10.5 4.4 13.6 6.1 2.1 1.1 3.6 0.1 3.8 0C244.1 81.3 243.2 80 242.7 79.7zM160 13.7c-77.4 0-140.1 62.7-140.1 140.1 0 77.4 62.7 140.1 140.1 140.1 77.4 0 140.1-62.7 140.1-140.1C300.2 76.5 237.4 13.7 160 13.7zM212.8 169.3c-2 12.6-7.2 26.1-15.2 36.1 -4.3 5.3-10.1 9.7-15.6 13.7 -5.6 4.1-11.6 7.8-17.8 10.9 -9.6 4.9-19.7 6.6-30.4 7.5 -6.2 0.6-12.6 0.8-18.8 0 -5.8-0.7-11.3-0.6-17 0.5 -4.5 0.9-8.9 2.3-13.1 4.1 -3.6 1.5-7.1 3.3-10.7 4.6 2.1-3.8 6.6-6.4 8.5-10.4 2.8-6.1 2.2-12.5 0.6-18.8 -0.8-3.2-1.8-6.4-2.3-9.7 -0.6-3.8-0.4-7.9 0-11.7 0.6-7.4 2.7-14.5 5.3-21.5 2.4-6.5 5.1-12.8 7.6-19.2 2.1-5.4 4.2-10.8 6.7-16.1 2.6-5.7 5.6-11.2 9.2-16.3 4-5.5 9.3-9.5 14.9-13.2 5.7-3.8 12.7-7.7 19.8-8 4.6-0.2 7.9 2.3 10.9 5.3 -0.5 0-1.1-0.1-1.6-0.1 -3.8 0-7.6 0.8-11.4 2.4 -3.2 1.4-5.7 4.3-8 7.1 -1 1.1-1.9 2.2-2.8 3.2 -2 2-3.4 3.6-4.8 5.6 -1.1 1.6-2 3.3-2.9 4.9l-0.1 0.2c-0.2 0.5-0.5 0.9-0.8 1.4 -1.2 2.2-3 4.4-5.3 6.8 -1.6 1.6-3.5 3.5-4.6 4.8 -2.4 2.8-3.5 5.4-4.9 8.4 -0.4 0.9-0.8 1.8-1.2 2.7 -1.9 4-3.5 7.9-4.8 11.8 -1 2.8-2.2 5.6-3.3 8.4 -2 4.7-4.1 9.6-5.1 14.9 0 0.1-0.1 0.4 0.2 0.6l0.2 0.2h0.2c0.7 0 1.7-1.8 1.8-2.3 0.7-3.6 1.9-6.3 3.2-9.4 0.5-1 0.9-2.1 1.4-3.2 0.4-0.9 0.9-2.1 1.4-3.2 1-2 1.9-4.2 2.4-5.8 2.3-7.5 8.1-17.5 10.2-20.7 1.2-1.9 2.8-3.3 4.3-4.7 1.2-1.1 2.4-2.2 3.5-3.6 1.6-2 2.9-4.2 4.1-6.4 1-1.7 2-3.4 3.2-5.1 1.1-1.6 2.7-3.1 4.2-4.6 0.6-0.6 1.1-1.1 1.6-1.7 0.8-0.9 1.6-1.8 2.4-2.6l0.1-0.1c0.9-1 1.8-2.1 2.8-3 2.5-2.5 7.3-4 13.1-4 1.7 0 3.4 0.1 5 0.4 1.7 1.1 3.7 1.7 5.5 2.5 0 0 0.1 0 0.1 0.1l-0.2 0.1 0.4 0c-4.8 3.2-8.2 6.5-10.5 10.1 -1.5 2.4-2.8 4.9-4 7.4 -0.9 1.7-1.8 3.7-2.8 5.4 -2 3.6-4.5 7.7-7.5 11.4 -2.3 2.8-4.9 5.4-7.5 8 -1.4 1.4-2.9 2.9-4.3 4.4 -3.3 3.5-4.7 7.6-6.3 11.9l-0.1 0.3c-0.2 0.4-0.3 0.9-0.5 1.3 -0.6 1.7-1.6 3.1-2.6 4.6 -0.5 0.7-1 1.4-1.4 2.2 -0.9 1.6-2.2 3.1-3.4 4.6 -0.8 1-1.7 2.1-2.4 3.2 -1 1.5-1.8 3-2.7 4.6 -0.4 0.7-0.8 1.5-1.2 2.3 -0.7 1.3-1.7 2.5-2.7 3.6 -0.9 1-1.7 2-2.5 3.2 -1.7 2.7-2.2 4.2-2.9 5.9 -0.5 1.4-1.1 2.9-2.4 5.2 -0.1 0.3-0.3 0.6-0.1 0.9 0.1 0.2 0.3 0.3 0.5 0.3 0.6 0 1.4-0.8 1.7-1.4 1.1-2.3 1.6-3.5 2-4.4 0.5-1.2 0.9-2 2.2-4.6 0.7-1.3 1.7-2.4 2.7-3.4 0.7-0.7 1.4-1.5 2.1-2.4 1.1-1.5 2-3.2 2.9-4.9l0-0.1c0.5-0.9 1-1.8 1.5-2.7 0.8-1.4 2.1-3 3.4-4.4 0.9-1.1 1.8-2.1 2.5-3.1 0.3-0.4 0.5-0.7 0.7-1l0.1-0.2c1.4-2 2.6-3.6 3.6-6 0.4-0.9 0.7-1.7 1-2.5 1.8-4.5 3.2-8.1 6.5-11.8 1.6-1.8 3.4-3.4 5.1-5.1 2-1.9 4-3.8 5.9-6 2.9-3.4 5.5-6.9 7.5-10.3 1.6-2.8 3.1-5.7 4.5-8.5l0.1-0.1c0.8-1.5 1.5-3.1 2.3-4.6 2.5-4.8 8-9.6 12-11.9 0.2-0.1 0.5-0.1 0.7-0.1 0.1 0 0.1 0 0.2 0 0.5 0.7 1 1.5 1.6 2.1 1.4 1.6 3.4 2.2 5.2 3.1 1.1 0.6 1.8 2.1 2.5 3 0.8 1 1.7 2 2.8 2.6 0.6 0.4 1.3 0.7 2 0.8 -1 7.2-5 13-8.8 17.8 -4.5 5.7-7.7 10.6-10.3 15.8 -1.5 3.1-3.2 5.6-4.7 7.8 -2.4 3.4-5.3 6.2-7.6 8.2 -2.6 2.3-5 4.9-7.3 7.5 -2.2 2.4-4.5 5-7 7.2 -0.4 0.4-0.8 0.7-1.2 1.1l-0.3 0.3c-1.5 1.3-3.1 2.7-4.6 4.2 -2.4 2.4-4.6 5.3-6.7 8 -1.5 2-3.1 3.9-4.7 5.9 -1.5 1.9-3.1 3.8-4.6 5.8 -0.4 0.6-0.9 1.2-1.3 1.8l-0.1 0.1c-2 2.7-4.2 5.8-6.8 7.1 -1.2 0.6-2.8 1.1-4.2 1.5 -1.7 0.5-3.3 1-4.3 1.6 -1.6 0.9-3.1 2.1-4.4 3.2 -1.1 0.9-2.1 1.7-3 2.2 -0.2 0.1-0.7 0.4-0.5 0.9 0.1 0.2 0.2 0.5 0.8 0.5 0.4 0 1-0.1 1.4-0.4 2.5-1.5 3.5-2.5 4.4-3.3 1.2-1.1 1.9-1.8 6-2.8 1.3-0.3 5.6-1.5 7.6-3.6 1.3-1.4 3.1-3.4 4.2-4.8 1.3-1.5 2.4-3 3.5-4.4 1.5-2 3-3.9 4.8-6 0.7-0.7 1.4-1.7 2.3-2.7 2.1-2.6 5-6.2 9.1-10.1 1.5-1.4 3-2.8 4.4-4.1l0.2-0.1c3.2-3 6.5-6 9.5-9.4 1.8-2.1 4.4-4.4 6.2-6l-0.2-0.3 0.3 0.2c0.4-0.4 0.8-0.7 1.1-1l0.6-0.6c2.1-2 4.3-4 6-6.5 1.7-2.6 3.1-5.3 4.4-8 1.6-3.2 3.3-6.5 5.5-9.5 1.1-1.4 2.2-2.8 3.2-4.2l0.1-0.1c2.6-3.2 5.2-6.6 7.3-10.3 1.4-2.6 2.4-5.4 3-8.5 0.5 0.9 1 1.8 1.3 2.3 2.1 2.8 4.8 4.4 7.8 5.8l0.1 0.1c7 7.6 1.3 21.4-2.1 29.7l-0.3 0.8c-2.9 7-5.9 12.5-9.2 17 -3.7 5-8.4 9.1-12.6 12.8l-1.6 1.4c-3.7 3.2-7.4 6.5-10.6 10.2 -2.6 3.1-7 8.2-13.4 12.7 -2.4 1.7-5 3.2-7.6 4.7 -1.1 0.6-2.2 1.2-3.2 1.9 -2.5 1.5-5 2.5-8.1 3.1 -1.9 0.4-3.8 0.9-5.7 2 -0.5 0.3-0.5 0.6-0.4 0.8 0.1 0.5 0.7 0.5 1 0.5 0.4 0 1.2-0.1 1.5-0.3 1.6-0.9 3.5-1.3 5.4-1.7 1-0.2 2.1-0.4 3.1-0.7 1.8-0.5 3.2-1.4 4.7-2.4l0.7-0.4c1.2-0.7 2.5-1.5 3.6-2.1 2.6-1.5 5.3-3.1 7.8-4.9 4.1-2.9 8.9-7.7 14.3-14.1 2.6-3.1 5.3-5.2 8.1-7.4 1.5-1.2 3-2.4 4.6-3.8 4.3-3.8 8.8-7.9 12.4-13 3.8-5.3 6.4-11.2 8.8-16.8l0.3-0.8c3.1-7.4 8-19.3 3.6-27.5 0.8 0.3 1.6 0.7 2.4 1.1C213.1 144.5 214.5 158.8 212.8 169.3zM258.7 94.3l-0.7-0.6c-5.3-4.3-9.5-6.1-16.8-7.1 -3.2-0.4-5.6-1.7-8.6-3.4 -1.9-1-4-2.2-6.8-3.4 -0.7-0.3-1.4-0.6-2.2-0.9 -4.3 3.4-12.5 10.6-15.8 13.9 -4.2 4.2-9.9 10.5-13 13.8 -1.1 1.2-1.9 2-2.1 2.3 -0.6 0.6-7.2 8.1-11.2 12.9 0 0-0.3 0.6-0.4 0.5 -1.1-2-1.9-3.6-3.8-3.9 -0.1 0 0.3-0.3 0.3-0.3 5.1-6 8.4-9 12.8-13.4 1.1-1 2.1-2.1 3.2-3.2l0.8-0.8c8.3-8.3 13.8-13.8 22-20.5 1-0.8 2.3-1.8 3.8-2.8 -10.1-4.7-21.9-11.3-28.3-15.8 -2.4-1.7-4.6-3.1-6.7-4.5 -3.8-2.5-7.2-4.6-10.4-7.6l0 0 -1.6-1.8 0.8-0.2c0.1 0 1.4-0.4 3.7-0.4 1.3 0 2.7 0.1 4.1 0.4l0.1 0 0.1 0.1c13.5 11.5 29.9 20.7 42.8 27.1 3.6-1.9 7.5-3.5 10.7-3.5 0.5 0 1 0 1.5 0.1 2.1 0.3 4.7 2 5.9 3.4 1 1.2 0.8 2.1 2.3 2.8l0 0 0 0c1.3 0.9 2.8 2.6 3.2 3 1.1-0.9 2.5-1.2 2.9-1.2 1.1 0 2.5 0.6 4.4 1.8 1.3 0.8 2.7 2.4 4.2 4.7L258.7 94.3z\"\/><\/svg><\/a><div class=\"notice_text\"><p><em>Mail: <\/em><a href=\"m&#97;&#105;&#x6c;&#x74;&#x6f;&#x3a;e&#110;&#111;&#64;&#x70;&#x68;&#x79;sa&#108;&#105;&#x73;&#x2d;&#x64;es&#105;&#103;&#x6e;&#x2e;&#x64;e\">&#101;&#x6e;&#111;&#x40;&#112;&#x68;&#121;&#x73;&#97;&#x6c;&#105;&#x73;-&#x64;e&#x73;i&#x67;n&#x2e;d&#x65;<\/a><br><em>Web: <\/em><a href=\"https:\/\/www.physalis-design.de\" target=\"_blank\" rel=\"noopener\">physalis-design.de<\/a><\/p><\/div><\/div>\n","protected":false},"excerpt":{"rendered":"<p>Herausgeber Deutsche Stiftung f\u00fcr Engagement und Ehrenamt Vertretungsberechtigter Vorstand Jan Holze Woldegker Chaussee 3517235 Neustrelitz E-Mail: hallo (at) d-s-e-e.de Rechtsform Die Deutsche Stiftung f\u00fcr Engagement und Ehrenamt ist eine Stiftung des \u00f6ffentlichen Rechts. Die Deutsche Stiftung f\u00fcr Engagement und Ehrenamt wird gem\u00e4\u00df \u00a7 6 des Gesetzes zur Errichtung der Deutschen Stiftung f\u00fcr Engagement und Ehrenamt &hellip;<\/p>\n","protected":false},"author":1,"featured_media":0,"parent":0,"menu_order":0,"comment_status":"closed","ping_status":"closed","template":"","meta":{"_acf_changed":false,"inline_featured_image":false,"footnotes":""},"suchbegriff":[],"class_list":["post-2554","page","type-page","status-publish","hentry"],"acf":[],"_links":{"self":[{"href":"https:\/\/www.ehrentag.de\/en\/wp-json\/wp\/v2\/pages\/2554","targetHints":{"allow":["GET"]}}],"collection":[{"href":"https:\/\/www.ehrentag.de\/en\/wp-json\/wp\/v2\/pages"}],"about":[{"href":"https:\/\/www.ehrentag.de\/en\/wp-json\/wp\/v2\/types\/page"}],"author":[{"embeddable":true,"href":"https:\/\/www.ehrentag.de\/en\/wp-json\/wp\/v2\/users\/1"}],"replies":[{"embeddable":true,"href":"https:\/\/www.ehrentag.de\/en\/wp-json\/wp\/v2\/comments?post=2554"}],"version-history":[{"count":2,"href":"https:\/\/www.ehrentag.de\/en\/wp-json\/wp\/v2\/pages\/2554\/revisions"}],"predecessor-version":[{"id":2994,"href":"https:\/\/www.ehrentag.de\/en\/wp-json\/wp\/v2\/pages\/2554\/revisions\/2994"}],"wp:attachment":[{"href":"https:\/\/www.ehrentag.de\/en\/wp-json\/wp\/v2\/media?parent=2554"}],"wp:term":[{"taxonomy":"suchbegriff","embeddable":true,"href":"https:\/\/www.ehrentag.de\/en\/wp-json\/wp\/v2\/suchbegriff?post=2554"}],"curies":[{"name":"wp","href":"https:\/\/api.w.org\/{rel}","templated":true}]}}