{"id":2560,"date":"2025-10-02T16:26:56","date_gmt":"2025-10-02T14:26:56","guid":{"rendered":"https:\/\/www.ehrentag.de\/?page_id=2560"},"modified":"2026-01-26T16:28:56","modified_gmt":"2026-01-26T15:28:56","slug":"accessibility","status":"publish","type":"page","link":"https:\/\/www.ehrentag.de\/en\/accessibility\/","title":{"rendered":"Accessibility"},"content":{"rendered":"\n<p><strong>Erkl\u00e4rung zur digitalen Barrierefreiheit<\/strong><\/p>\n\n\n\n<p>Die Deutsche Stiftung f\u00fcr Engagement und Ehrenamt bem\u00fcht sich darum, die Internetseite www.ehrentag.de barrierefrei zug\u00e4nglich zu machen. Rechtsgrundlage sind das Behindertengleichstellungsgesetz (BGG) und die Barrierefreie Informationstechnik-Verordnung (BITV 2.0) in ihrer jeweils g\u00fcltigen Fassung.<\/p>\n\n\n\n<p><strong>Wann wurde die Erkl\u00e4rung zur Barrierefreiheit erstellt?<\/strong><\/p>\n\n\n\n<p>Diese Erkl\u00e4rung wurde am 20. November 2025 erstellt.<\/p>\n\n\n\n<p><strong>Wie barrierefrei ist das Angebot?<\/strong><\/p>\n\n\n\n<p>Dieser Webauftritt erf\u00fcllt nur teilweise die Anforderungen der BITV 2.0.&nbsp;<\/p>\n\n\n\n<p><strong>Welche Bereiche sind nicht barrierefrei?<\/strong><\/p>\n\n\n\n<p>Wir sind darum bem\u00fcht, unsere Webseiten barrierefrei zu gestalten. Dennoch kann es vorkommen, dass einzelne Elemente nicht barrierefrei sind. Bitte informieren Sie uns in solch einem Fall unter&nbsp;<a href=\"&#109;&#x61;&#105;&#x6c;&#116;&#x6f;:&#x65;h&#x72;e&#110;&#x74;&#97;&#x67;&#64;&#x64;&#45;&#x73;-&#x65;-&#x65;&#46;&#100;&#x65;\">&#x65;&#x68;&#114;e&#x6e;&#x74;&#x61;&#103;&#64;&#x64;&#x2d;&#x73;&#45;e&#x2d;&#x65;&#x2e;&#100;e<\/a><\/p>\n\n\n\n<p>Die nachstehend aufgef\u00fchrten Bereiche sind aus folgenden Gr\u00fcnden nicht oder nur teilweise barrierefrei:<\/p>\n\n\n\n<ol class=\"wp-block-list\">\n<li>Wir versehen Videos derzeit nur mit automatischen Untertiteln. Die Barrierefreiheit ist aber nur teilweise erf\u00fcllt, weil diese nur das gesprochene Wort transkribieren.<\/li>\n\n\n\n<li>Wir setzen vereinzelt und zeitlich beschr\u00e4nkt Schriftgrafiken in Bannern ein, versehen sie aber mit Alternativtexten.<\/li>\n\n\n\n<li>PDF- und Word-Dokumente sind in der Regel nicht barrierefrei. Neu erstellte Dokumente werden barrierefrei gestaltet. Dokumente \u00e4lteren Datums werden nicht \u00fcberarbeitet, weil eine allumfassende Umstellung einer unverh\u00e4ltnism\u00e4\u00dfigen Belastung gleichk\u00e4me. Bitte kontaktieren Sie uns, falls Sie ein bestimmtes Dokument in einem barrierefreien Format ben\u00f6tigen.<\/li>\n\n\n\n<li>Es kann vorkommen, dass Bilder und Objekte keine Alt-Texte enthalten, Linktexte unverst\u00e4ndlich sind, Abk\u00fcrzungen und fremdsprachige Abschnitte nicht ausgezeichnet sind. Bitte kontaktieren Sie uns, damit wir den Fehler beheben k\u00f6nnen.<\/li>\n\n\n\n<li>Videos mit Geb\u00e4rdensprache stellen wir voraussichtlich ab 2026 bereit.<\/li>\n<\/ol>\n\n\n\n<p><strong>Schlichtungsverfahren<\/strong><\/p>\n\n\n\n<p>Beim Beauftragten der Bundesregierung f\u00fcr die Belange von Menschen mit Behinderungen gibt es eine Schlichtungsstelle gem\u00e4\u00df \u00a7 16 BGG. Die Schlichtungsstelle hat die Aufgabe, Konflikte zwischen Menschen mit Behinderungen und \u00f6ffentlichen Stellen des Bundes zu l\u00f6sen.<\/p>\n\n\n\n<p>Sie k\u00f6nnen die Schlichtungsstelle einschalten, wenn Sie mit den Antworten aus der oben genannten Kontaktm\u00f6glichkeit nicht zufrieden sind. Dabei geht es nicht darum, Gewinner oder Verlierer zu finden. Vielmehr ist es das Ziel, mithilfe der Schlichtungsstelle gemeinsam und au\u00dfergerichtlich eine L\u00f6sung f\u00fcr ein Problem zu finden.<\/p>\n\n\n\n<p>Das Schlichtungsverfahren ist kostenlos. Sie brauchen auch keinen Rechtsbeistand.<\/p>\n\n\n\n<p>Auf der Internetseite der Schlichtungsstelle finden Sie alle Informationen zum Schlichtungsverfahren. Dort k\u00f6nnen Sie nachlesen, wie ein Schlichtungsverfahren abl\u00e4uft und wie Sie den Antrag auf Schlichtung stellen. Sie k\u00f6nnen den Antrag auch in Leichter Sprache oder in Deutscher Geb\u00e4rdensprache stellen.&nbsp;<\/p>\n\n\n\n<p>Sie erreichen die Schlichtungsstelle unter folgender Adresse:<\/p>\n\n\n\n<p>Schlichtungsstelle nach dem Behindertengleichstellungsgesetz&nbsp;bei dem Beauftragten der Bundesregierung f\u00fcr die Belange von Menschen mit Behinderungen&nbsp;<\/p>\n\n\n\n<p>Mauerstra\u00dfe 53<br>10117 Berlin<br>Telefon: +49 (0)30 18 527-2805<br>Fax: +49 (0)30 18 527-2901<\/p>\n\n\n\n<p>E-Mail:&nbsp;<a href=\"&#109;&#x61;i&#108;&#x74;o&#58;&#x69;n&#102;&#x6f;&#64;&#115;&#x63;h&#108;&#x69;c&#104;&#x74;u&#110;&#x67;s&#115;&#x74;e&#108;&#x6c;e&#45;&#x62;g&#x67;&#x2e;d&#x65;\">&#x69;&#110;f&#x6f;&#x40;&#115;c&#x68;&#x6c;&#105;c&#x68;&#x74;&#117;n&#x67;&#x73;&#115;t&#x65;&#108;&#108;e&#x2d;&#98;g&#x67;&#x2e;&#100;e<\/a><\/p>\n\n\n\n<p>Internet:&nbsp;<a href=\"https:\/\/www.schlichtungsstelle-bgg.de\/\" target=\"_blank\" rel=\"noreferrer noopener\">www.schlichtungsstelle-bgg.de<\/a><\/p>\n\n\n\n<p>Mittwoch, 8. Dezember 2021<\/p>\n\n\n\n<p><\/p>\n","protected":false},"excerpt":{"rendered":"<p>Erkl\u00e4rung zur digitalen Barrierefreiheit Die Deutsche Stiftung f\u00fcr Engagement und Ehrenamt bem\u00fcht sich darum, die Internetseite www.ehrentag.de barrierefrei zug\u00e4nglich zu machen. Rechtsgrundlage sind das Behindertengleichstellungsgesetz (BGG) und die Barrierefreie Informationstechnik-Verordnung (BITV 2.0) in ihrer jeweils g\u00fcltigen Fassung. Wann wurde die Erkl\u00e4rung zur Barrierefreiheit erstellt? Diese Erkl\u00e4rung wurde am 20. November 2025 erstellt. Wie barrierefrei ist &hellip;<\/p>\n","protected":false},"author":1,"featured_media":0,"parent":0,"menu_order":0,"comment_status":"closed","ping_status":"closed","template":"","meta":{"_acf_changed":false,"inline_featured_image":false,"footnotes":""},"suchbegriff":[],"class_list":["post-2560","page","type-page","status-publish","hentry"],"acf":[],"_links":{"self":[{"href":"https:\/\/www.ehrentag.de\/en\/wp-json\/wp\/v2\/pages\/2560","targetHints":{"allow":["GET"]}}],"collection":[{"href":"https:\/\/www.ehrentag.de\/en\/wp-json\/wp\/v2\/pages"}],"about":[{"href":"https:\/\/www.ehrentag.de\/en\/wp-json\/wp\/v2\/types\/page"}],"author":[{"embeddable":true,"href":"https:\/\/www.ehrentag.de\/en\/wp-json\/wp\/v2\/users\/1"}],"replies":[{"embeddable":true,"href":"https:\/\/www.ehrentag.de\/en\/wp-json\/wp\/v2\/comments?post=2560"}],"version-history":[{"count":1,"href":"https:\/\/www.ehrentag.de\/en\/wp-json\/wp\/v2\/pages\/2560\/revisions"}],"predecessor-version":[{"id":2561,"href":"https:\/\/www.ehrentag.de\/en\/wp-json\/wp\/v2\/pages\/2560\/revisions\/2561"}],"wp:attachment":[{"href":"https:\/\/www.ehrentag.de\/en\/wp-json\/wp\/v2\/media?parent=2560"}],"wp:term":[{"taxonomy":"suchbegriff","embeddable":true,"href":"https:\/\/www.ehrentag.de\/en\/wp-json\/wp\/v2\/suchbegriff?post=2560"}],"curies":[{"name":"wp","href":"https:\/\/api.w.org\/{rel}","templated":true}]}}