{"id":3358,"date":"2026-04-20T19:53:25","date_gmt":"2026-04-20T17:53:25","guid":{"rendered":"https:\/\/www.ehrentag.de\/?page_id=3358"},"modified":"2026-04-21T09:07:35","modified_gmt":"2026-04-21T07:07:35","slug":"languages","status":"publish","type":"page","link":"https:\/\/www.ehrentag.de\/en\/languages\/","title":{"rendered":"Language options"},"content":{"rendered":"\n<div class=\"wp-block-file\"><a id=\"wp-block-file--media-c1ca3c06-7332-40d8-8179-6d2b2220d4fd\" href=\"https:\/\/www.ehrentag.de\/wp-content\/uploads\/2026\/04\/derehrentag-albanisch.pdf\" target=\"_blank\" rel=\"noreferrer noopener\"><strong>Albanian:<\/strong> Informacione mbi nism\u00ebn \u201cEhrentag\u201d n\u00eb gjuh\u00ebn shqipe<\/a><\/div>\n\n\n\n<div class=\"wp-block-file\"><a id=\"wp-block-file--media-556e2250-ab27-4600-ad24-dcfa22f9fdeb\" href=\"https:\/\/www.ehrentag.de\/wp-content\/uploads\/2026\/04\/derehrentag-arabisch.pdf\" target=\"_blank\" rel=\"noreferrer noopener\"><strong>Arab:<\/strong> \u0645\u0639\u0644\u0648\u0645\u0627\u062a \u062d\u0648\u0644 \u0645\u0628\u0627\u062f\u0631\u0629 &#8220;\u064a\u0648\u0645 \u0627\u0644\u062a\u0643\u0631\u064a\u0645&#8221; \u0628\u0627\u0644\u0644\u063a\u0629 \u0627\u0644\u0639\u0631\u0628\u064a\u0629<\/a><\/div>\n\n\n\n<div class=\"wp-block-file\"><a id=\"wp-block-file--media-4845b472-722a-41ff-bbc0-4249c1b819cb\" href=\"https:\/\/www.ehrentag.de\/wp-content\/uploads\/2026\/04\/derehrentag-bulgarisch.pdf\" target=\"_blank\" rel=\"noreferrer noopener\"><strong>Bulgarian:<\/strong> \u0418\u043d\u0444\u043e\u0440\u043c\u0430\u0446\u0438\u044f \u0437\u0430 \u0438\u043d\u0438\u0446\u0438\u0430\u0442\u0438\u0432\u0430\u0442\u0430 \u201eEhrentag\u201c \u043d\u0430 \u0431\u044a\u043b\u0433\u0430\u0440\u0441\u043a\u0438 \u0435\u0437\u0438\u043a<\/a><\/div>\n\n\n\n<div class=\"wp-block-file\"><a id=\"wp-block-file--media-5d461e3b-a669-4bfd-b807-2a8c9ffcc989\" href=\"https:\/\/www.ehrentag.de\/wp-content\/uploads\/2026\/04\/derehrentag-francais.pdf\" target=\"_blank\" rel=\"noreferrer noopener\"><strong>French:<\/strong> Informations sur l\u2019initiative \u00ab Ehrentag \u00bb en fran\u00e7ais<\/a><\/div>\n\n\n\n<div class=\"wp-block-file\"><a id=\"wp-block-file--media-083c0ca1-88a7-4f45-901f-7301b2e6fb4f\" href=\"https:\/\/www.ehrentag.de\/wp-content\/uploads\/2026\/04\/derehrentag-italienisch.pdf\" target=\"_blank\" rel=\"noreferrer noopener\"><strong>Italian: <\/strong>Informazioni in lingua italiana sull\u2019iniziativa \u201eEhrentag\u201c<\/a><\/div>\n\n\n\n<div class=\"wp-block-file\"><a id=\"wp-block-file--media-6dc97f8d-db78-4aed-a24d-ccc7a5a29663\" href=\"https:\/\/www.ehrentag.de\/wp-content\/uploads\/2026\/04\/derehrentag-kurdisch.pdf\" target=\"_blank\" rel=\"noreferrer noopener\"><strong>Kurdish:<\/strong> \u0632\u0627\u0646\u06cc\u0627\u0631\u06cc \u062f\u06d5\u0631\u0628\u0627\u0631\u06d5\u06cc \u062f\u06d5\u0633\u067e\u06ce\u0634\u062e\u06d5\u0631\u06cc\u06cc &#8220;\u0695\u06c6\u0698\u06cc \u0631\u06ce\u0632\u0644\u06ce\u0646\u0627\u0646&#8221; (Ehrentag) \u0628\u06d5 \u0632\u0645\u0627\u0646\u06cc \u06a9\u0648\u0631\u062f\u06cc<\/a><\/div>\n\n\n\n<div class=\"wp-block-file\"><a id=\"wp-block-file--media-6374e1f0-7595-4bef-8435-b35ec868c4cc\" href=\"https:\/\/www.ehrentag.de\/wp-content\/uploads\/2026\/04\/derehrentag-polnisch.pdf\" target=\"_blank\" rel=\"noreferrer noopener\"><strong>Polish:<\/strong> Informacje na temat inicjatywy \u201eEhrentag\u201d w j\u0119zyku polskim<\/a><\/div>\n\n\n\n<div class=\"wp-block-file\"><a id=\"wp-block-file--media-9aab9e1f-5883-40a9-b8f0-43b97242f41c\" href=\"https:\/\/www.ehrentag.de\/wp-content\/uploads\/2026\/04\/derehrentag-rumaenisch.pdf\" target=\"_blank\" rel=\"noreferrer noopener\"><strong>Romanian:<\/strong> Informa\u021bii \u00een limba rom\u00e2n\u0103 \u00een leg\u0103tur\u0103 cu ini\u021biativa \u201eEhrentag\u201c<\/a><\/div>\n\n\n\n<div class=\"wp-block-file\"><a id=\"wp-block-file--media-0f4a0862-f3e9-4810-988b-ca37e0d6da6b\" href=\"https:\/\/www.ehrentag.de\/wp-content\/uploads\/2026\/04\/derehrentag-tuerkisch.pdf\" target=\"_blank\" rel=\"noreferrer noopener\"><strong>Turkish:<\/strong> \u201c\u015eeref G\u00fcn\u00fc\u201d giri\u015fimi hakk\u0131nda T\u00fcrk\u00e7e bilgiler<\/a><\/div>\n\n\n\n<div class=\"wp-block-file\"><a id=\"wp-block-file--media-d0d10f5b-e1d3-451e-94ef-14244cb98b6e\" href=\"https:\/\/www.ehrentag.de\/wp-content\/uploads\/2026\/04\/derehrentag-ukrainisch.pdf\" target=\"_blank\" rel=\"noreferrer noopener\"><strong>Ukrainian:<\/strong> \u0406\u043d\u0444\u043e\u0440\u043c\u0430\u0446\u0456\u044f \u043f\u0440\u043e \u0456\u043d\u0456\u0446\u0456\u0430\u0442\u0438\u0432\u0443 \u00ab\u0414\u0435\u043d\u044c \u0447\u0435\u0441\u0442\u0456\u00bb \u0443\u043a\u0440\u0430\u0457\u043d\u0441\u044c\u043a\u043e\u044e \u043c\u043e\u0432\u043e\u044e<\/a><\/div>\n\n\n\n<div style=\"height:91px\" aria-hidden=\"true\" class=\"wp-block-spacer\"><\/div>\n\n\n\n<p><\/p>\n","protected":false},"excerpt":{"rendered":"<p>Here we provide some basic information on Ehrentag in many languages. Find out whether the flyer is available for download (PDF) in your language.<\/p>\n","protected":false},"author":12,"featured_media":0,"parent":0,"menu_order":0,"comment_status":"closed","ping_status":"closed","template":"","meta":{"_acf_changed":false,"inline_featured_image":false,"footnotes":""},"suchbegriff":[82,84,85,86,83,80,97,88,87,79,77,81,95,89],"class_list":["post-3358","page","type-page","status-publish","hentry","suchbegriff-auslaendisch","suchbegriff-fremdsprache","suchbegriff-fremdsprachen","suchbegriff-italiano","suchbegriff-language","suchbegriff-mehrsprachig","suchbegriff-multilingual","suchbegriff-polski","suchbegriff-polsku","suchbegriff-polyglott","suchbegriff-sprachen","suchbegriff-sprachversion","suchbegriff-translated","suchbegriff-turkce"],"acf":[],"_links":{"self":[{"href":"https:\/\/www.ehrentag.de\/en\/wp-json\/wp\/v2\/pages\/3358","targetHints":{"allow":["GET"]}}],"collection":[{"href":"https:\/\/www.ehrentag.de\/en\/wp-json\/wp\/v2\/pages"}],"about":[{"href":"https:\/\/www.ehrentag.de\/en\/wp-json\/wp\/v2\/types\/page"}],"author":[{"embeddable":true,"href":"https:\/\/www.ehrentag.de\/en\/wp-json\/wp\/v2\/users\/12"}],"replies":[{"embeddable":true,"href":"https:\/\/www.ehrentag.de\/en\/wp-json\/wp\/v2\/comments?post=3358"}],"version-history":[{"count":5,"href":"https:\/\/www.ehrentag.de\/en\/wp-json\/wp\/v2\/pages\/3358\/revisions"}],"predecessor-version":[{"id":3390,"href":"https:\/\/www.ehrentag.de\/en\/wp-json\/wp\/v2\/pages\/3358\/revisions\/3390"}],"wp:attachment":[{"href":"https:\/\/www.ehrentag.de\/en\/wp-json\/wp\/v2\/media?parent=3358"}],"wp:term":[{"taxonomy":"suchbegriff","embeddable":true,"href":"https:\/\/www.ehrentag.de\/en\/wp-json\/wp\/v2\/suchbegriff?post=3358"}],"curies":[{"name":"wp","href":"https:\/\/api.w.org\/{rel}","templated":true}]}}